{"id":177,"date":"2018-01-14T15:22:30","date_gmt":"2018-01-14T14:22:30","guid":{"rendered":""},"modified":"2023-02-05T20:06:14","modified_gmt":"2023-02-05T19:06:14","slug":"donacije","status":"publish","type":"page","link":"https:\/\/zavetisceturk.com\/index.php\/donacije\/","title":{"rendered":"Donacije"},"content":{"rendered":"<p><span style=\"font-size: calc(0.83em + (0.1045 * ((100vw - 20em) \/ 40)));\">Vedno smo veseli tudi va\u0161ih donacij. Lahko pomagate denarno ali donirate hrano, ma\u010dji pesek, povodce, odeje&#8230;<br \/>\n\u010ce ima kdo mo\u017enost, smo zelo veseli tudi za\u010dasnih posvojiteljev za na\u0161e \u017eivali &#8211; ve\u010d info na 070 609 240.<\/p>\n<p>Podatki za nakazilo:<\/span><\/p>\n<p><span style=\"font-family: tahoma, arial, helvetica, sans-serif;\"><strong>Ime in naslov: <\/strong>TURK zaveti\u0161\u010de za \u017eivali d.o.o. , Zaj\u010dji Vrh pri Stopi\u010dah 4, 8000 Novo mesto<strong><br \/>\nIBAN: <\/strong>SI56 0400 1004 9173 557 (NovaKBM)<\/span><br \/>\n<span style=\"font-family: tahoma, arial, helvetica, sans-serif;\"> <strong>BIC banke:\u00a0<\/strong>KBMASI2X<\/span><br \/>\n<span style=\"font-family: tahoma, arial, helvetica, sans-serif;\"><strong>Koda namena:<\/strong> OTHR<\/span><br \/>\n<span style=\"font-family: tahoma, arial, helvetica, sans-serif;\"><strong>Namen:<\/strong> prostovoljni prispevek<\/span><br \/>\n<span style=\"font-family: tahoma, arial, helvetica, sans-serif;\"><strong>Referenca:<\/strong> SI00<\/span><\/p>\n","protected":false},"excerpt":{"rendered":"<p>Vedno smo veseli tudi va\u0161ih donacij. Lahko pomagate denarno ali donirate hrano, ma\u010dji pesek, povodce, odeje&#8230; \u010ce ima kdo mo\u017enost, smo zelo veseli tudi za\u010dasnih posvojiteljev za na\u0161e \u017eivali &#8211; ve\u010d info na 070 609 240. Podatki za nakazilo: Ime in naslov: TURK zaveti\u0161\u010de za \u017eivali d.o.o. , Zaj\u010dji Vrh pri Stopi\u010dah 4, 8000 Novo [&hellip;]<\/p>\n","protected":false},"author":2,"featured_media":161,"parent":0,"menu_order":0,"comment_status":"closed","ping_status":"closed","template":"","meta":{"_monsterinsights_skip_tracking":false,"_monsterinsights_sitenote_active":false,"_monsterinsights_sitenote_note":"","_monsterinsights_sitenote_category":0,"footnotes":""},"class_list":["post-177","page","type-page","status-publish","has-post-thumbnail","czr-hentry"],"_links":{"self":[{"href":"https:\/\/zavetisceturk.com\/index.php\/wp-json\/wp\/v2\/pages\/177","targetHints":{"allow":["GET"]}}],"collection":[{"href":"https:\/\/zavetisceturk.com\/index.php\/wp-json\/wp\/v2\/pages"}],"about":[{"href":"https:\/\/zavetisceturk.com\/index.php\/wp-json\/wp\/v2\/types\/page"}],"author":[{"embeddable":true,"href":"https:\/\/zavetisceturk.com\/index.php\/wp-json\/wp\/v2\/users\/2"}],"replies":[{"embeddable":true,"href":"https:\/\/zavetisceturk.com\/index.php\/wp-json\/wp\/v2\/comments?post=177"}],"version-history":[{"count":10,"href":"https:\/\/zavetisceturk.com\/index.php\/wp-json\/wp\/v2\/pages\/177\/revisions"}],"predecessor-version":[{"id":2456,"href":"https:\/\/zavetisceturk.com\/index.php\/wp-json\/wp\/v2\/pages\/177\/revisions\/2456"}],"wp:featuredmedia":[{"embeddable":true,"href":"https:\/\/zavetisceturk.com\/index.php\/wp-json\/wp\/v2\/media\/161"}],"wp:attachment":[{"href":"https:\/\/zavetisceturk.com\/index.php\/wp-json\/wp\/v2\/media?parent=177"}],"curies":[{"name":"wp","href":"https:\/\/api.w.org\/{rel}","templated":true}]}}