{"id":90,"date":"2018-01-13T18:34:18","date_gmt":"2018-01-13T17:34:18","guid":{"rendered":""},"modified":"2023-01-31T22:45:27","modified_gmt":"2023-01-31T21:45:27","slug":"o-nas","status":"publish","type":"page","link":"https:\/\/zavetisceturk.com\/index.php\/o-nas\/","title":{"rendered":"O nas"},"content":{"rendered":"<p><strong>Bodo\u010di posvojitelji, ljubitelji \u017eivali in vsi ostali, lepo pozdravljeni na na\u0161i spletni strani!<br \/>\n<\/strong><br \/>\nNa\u0161e zaveti\u0161\u010de se nahaja v majhni vasi pod Gorjanci, kjer nudimo zavetje zapu\u0161\u010denim ter izgubljenim malim \u017eivalim ter skrbimo za to, da \u010dim prej najdejo svojo sre\u010do. Skrb za \u017eivali je del na\u0161ega vsakdana, je na\u0161e poslanstvo, ki ga opravljamo sr\u010dno in po\u017ertvovalno. Na\u0161im \u017eivalim je pri nas lepo&#8230;, vse imajo svoj le\u017ei\u0161\u010de, dobro hrano, poskrbljeno je za njihovo zdravje, izberemo jim lepa imena, jim namenimo veliko \u010dasa. Ampak vseeno, imeti svojo dru\u017eino je nekaj povsem drugega kot pa pozornost deliti \u0161e z 20 drugimi kosmatinci&#8230; zato kdor zmore in \u017eeli, naj posvaja.<\/p>\n<p>\u017de 21. leto sta za nas na prvem mestu dobrobit \u017eivali ter njihova bolj\u0161a prihodnost, ki pa jo omogo\u010date zlasti vi, zlati posvojitelji \u2013 prav vsem en velik hvala!<\/p>\n<p><img loading=\"lazy\" decoding=\"async\" class=\"alignnone wp-image-2408 \" src=\"https:\/\/zavetisceturk.com\/wp-content\/uploads\/2023\/01\/DSC_5802-e1675200074447.jpg\" alt=\"\" width=\"502\" height=\"375\" srcset=\"https:\/\/zavetisceturk.com\/wp-content\/uploads\/2023\/01\/DSC_5802-e1675200074447.jpg 1952w, https:\/\/zavetisceturk.com\/wp-content\/uploads\/2023\/01\/DSC_5802-e1675200074447-300x224.jpg 300w, https:\/\/zavetisceturk.com\/wp-content\/uploads\/2023\/01\/DSC_5802-e1675200074447-768x574.jpg 768w, https:\/\/zavetisceturk.com\/wp-content\/uploads\/2023\/01\/DSC_5802-e1675200074447-1536x1148.jpg 1536w\" sizes=\"auto, (max-width: 502px) 100vw, 502px\" \/><\/p>\n<p>Ekipa Zaveti\u0161\u010da Turk<br \/>\nRebeka, Marija &amp; Marjan<\/p>\n","protected":false},"excerpt":{"rendered":"<p>Bodo\u010di posvojitelji, ljubitelji \u017eivali in vsi ostali, lepo pozdravljeni na na\u0161i spletni strani! Na\u0161e zaveti\u0161\u010de se nahaja v majhni vasi pod Gorjanci, kjer nudimo zavetje zapu\u0161\u010denim ter izgubljenim malim \u017eivalim ter skrbimo za to, da \u010dim prej najdejo svojo sre\u010do. Skrb za \u017eivali je del na\u0161ega vsakdana, je na\u0161e poslanstvo, ki ga opravljamo sr\u010dno in [&hellip;]<\/p>\n","protected":false},"author":1,"featured_media":161,"parent":0,"menu_order":0,"comment_status":"closed","ping_status":"closed","template":"","meta":{"_monsterinsights_skip_tracking":false,"_monsterinsights_sitenote_active":false,"_monsterinsights_sitenote_note":"","_monsterinsights_sitenote_category":0,"footnotes":""},"class_list":["post-90","page","type-page","status-publish","has-post-thumbnail","czr-hentry"],"_links":{"self":[{"href":"https:\/\/zavetisceturk.com\/index.php\/wp-json\/wp\/v2\/pages\/90","targetHints":{"allow":["GET"]}}],"collection":[{"href":"https:\/\/zavetisceturk.com\/index.php\/wp-json\/wp\/v2\/pages"}],"about":[{"href":"https:\/\/zavetisceturk.com\/index.php\/wp-json\/wp\/v2\/types\/page"}],"author":[{"embeddable":true,"href":"https:\/\/zavetisceturk.com\/index.php\/wp-json\/wp\/v2\/users\/1"}],"replies":[{"embeddable":true,"href":"https:\/\/zavetisceturk.com\/index.php\/wp-json\/wp\/v2\/comments?post=90"}],"version-history":[{"count":8,"href":"https:\/\/zavetisceturk.com\/index.php\/wp-json\/wp\/v2\/pages\/90\/revisions"}],"predecessor-version":[{"id":2419,"href":"https:\/\/zavetisceturk.com\/index.php\/wp-json\/wp\/v2\/pages\/90\/revisions\/2419"}],"wp:featuredmedia":[{"embeddable":true,"href":"https:\/\/zavetisceturk.com\/index.php\/wp-json\/wp\/v2\/media\/161"}],"wp:attachment":[{"href":"https:\/\/zavetisceturk.com\/index.php\/wp-json\/wp\/v2\/media?parent=90"}],"curies":[{"name":"wp","href":"https:\/\/api.w.org\/{rel}","templated":true}]}}